{"id":2,"date":"2013-11-06T11:55:36","date_gmt":"2013-11-06T11:55:36","guid":{"rendered":"https:\/\/carat.com.ar\/\/?page_id=2"},"modified":"2025-07-21T20:36:07","modified_gmt":"2025-07-21T20:36:07","slug":"home","status":"publish","type":"page","link":"https:\/\/carat.com.ar\/pt\/home\/","title":{"rendered":"Viva una experiencia \u00fanica"},"content":{"rendered":"<p>Carat cuenta con <b>37 departamentos<\/b><i> confortables y equipados, con estacionamiento privado,<\/i>&nbsp;ubicados en una zona privilegiada.<\/p>\n\n\n<figure class=\"wp-block-image size-full\"><img loading=\"lazy\" decoding=\"async\" width=\"1025\" height=\"109\" src=\"https:\/\/carat.com.ar\/wp-content\/uploads\/2023\/08\/Frase_4-1536x109-1.png\" alt=\"\" class=\"wp-image-593\" srcset=\"https:\/\/carat.com.ar\/wp-content\/uploads\/2023\/08\/Frase_4-1536x109-1.png 1025w, https:\/\/carat.com.ar\/wp-content\/uploads\/2023\/08\/Frase_4-1536x109-1-300x32.png 300w, https:\/\/carat.com.ar\/wp-content\/uploads\/2023\/08\/Frase_4-1536x109-1-768x82.png 768w\" sizes=\"auto, (max-width: 1025px) 100vw, 1025px\" \/><\/figure>\n\n\n<p><strong>\u00bfPor qu\u00e9 hospedarte en nuestro Apart?<\/strong><i><span style=\"font-weight: 400;\"><br \/><\/span><\/i><span style=\"font-weight: 400;\">Porque sabemos c\u00f3mo hacer para que tu estancia sea \u00fanica e inolvidable.<\/span><\/p>\n<blockquote>\n<h5>\u00a0<\/h5>\n<\/blockquote>\n<p><\/p>\n\n\n<div class=\"wp-block-columns is-layout-flex wp-container-core-columns-is-layout-9d6595d7 wp-block-columns-is-layout-flex\">\n<div class=\"wp-block-column is-layout-flow wp-block-column-is-layout-flow\" style=\"flex-basis:100%\">\n<div class=\"wp-block-group\"><div class=\"wp-block-group__inner-container is-layout-constrained wp-block-group-is-layout-constrained\">\n<div class=\"wp-block-columns is-layout-flex wp-container-core-columns-is-layout-9d6595d7 wp-block-columns-is-layout-flex\">\n<div class=\"wp-block-column is-layout-flow wp-block-column-is-layout-flow\" style=\"flex-basis:100%\">\n<figure id=\"reproductor\" class=\"wp-block-audio\"><audio controls src=\"https:\/\/carat.com.ar\/wp-content\/uploads\/2023\/05\/Noa-Explain-The-Night.mp3\" autoplay><\/audio><\/figure>\n<\/div>\n<\/div>\n<\/div><\/div>\n<\/div>\n<\/div>\n\n\n<p><span class=\"d-none d-md-block\">Located in a privileged area of \u200b\u200bthe city of Rosario, we have 37 comfortable apartments fully equipped and warmly decorated. We offer three categories: <a href=\"https:\/\/carat.com.ar\/junior\/\">Junior<\/a>, <a href=\"https:\/\/carat.com.ar\/suite\/\">Suite<\/a> and <a href=\"https:\/\/carat.com.ar\/loft\/\">Loft<\/a>, each of them designed to offer our guests a memorable stay.<\/span><\/p>\n<p>Our customers are our priority. Therefore, we strive every day to exceed your expectations, paying special attention to the quality of our products, excellence in service and commitment to results.<\/p>\n<blockquote>\n<h5>&nbsp;<\/h5>\n<\/blockquote>\n<p>","protected":false},"excerpt":{"rendered":"<p>Carat cuenta con 37 departamentos confortables y equipados, con estacionamiento privado,&nbsp;ubicados en una zona privilegiada. \u00bfPor qu\u00e9 hospedarte en nuestro Apart?Porque sabemos c\u00f3mo hacer para que tu estancia sea \u00fanica e inolvidable. \u00a0 Located in a privileged area of \u200b\u200bthe city of Rosario, we have 37 comfortable apartments fully equipped and warmly decorated. We offer [&hellip;]<\/p>\n","protected":false},"author":4,"featured_media":0,"parent":0,"menu_order":0,"comment_status":"closed","ping_status":"closed","template":"template-home.php","meta":{"_joinchat":[],"footnotes":""},"class_list":["post-2","page","type-page","status-publish","hentry"],"_links":{"self":[{"href":"https:\/\/carat.com.ar\/pt\/wp-json\/wp\/v2\/pages\/2","targetHints":{"allow":["GET"]}}],"collection":[{"href":"https:\/\/carat.com.ar\/pt\/wp-json\/wp\/v2\/pages"}],"about":[{"href":"https:\/\/carat.com.ar\/pt\/wp-json\/wp\/v2\/types\/page"}],"author":[{"embeddable":true,"href":"https:\/\/carat.com.ar\/pt\/wp-json\/wp\/v2\/users\/4"}],"replies":[{"embeddable":true,"href":"https:\/\/carat.com.ar\/pt\/wp-json\/wp\/v2\/comments?post=2"}],"version-history":[{"count":7,"href":"https:\/\/carat.com.ar\/pt\/wp-json\/wp\/v2\/pages\/2\/revisions"}],"predecessor-version":[{"id":1041,"href":"https:\/\/carat.com.ar\/pt\/wp-json\/wp\/v2\/pages\/2\/revisions\/1041"}],"wp:attachment":[{"href":"https:\/\/carat.com.ar\/pt\/wp-json\/wp\/v2\/media?parent=2"}],"curies":[{"name":"wp","href":"https:\/\/api.w.org\/{rel}","templated":true}]}}